{"id":5763,"date":"2020-11-24T09:05:07","date_gmt":"2020-11-24T09:05:07","guid":{"rendered":"https:\/\/bellevue-gstaad.ch\/?page_id=5763"},"modified":"2023-04-27T12:24:08","modified_gmt":"2023-04-27T12:24:08","slug":"evenements-prives","status":"publish","type":"page","link":"http:\/\/dev.bellevue-gstaad.ch.server35.zrh1.bw-server.ch\/fr\/evenements-prives\/","title":{"rendered":"\u00c9V\u00c9NEMENTS PRIV\u00c9S"},"content":{"rendered":"","protected":false},"excerpt":{"rendered":"","protected":false},"author":6,"featured_media":0,"parent":0,"menu_order":0,"comment_status":"closed","ping_status":"closed","template":"","meta":{"_acf_changed":false,"footnotes":""},"class_list":["post-5763","page","type-page","status-publish","hentry"],"acf":[],"_links":{"self":[{"href":"http:\/\/dev.bellevue-gstaad.ch.server35.zrh1.bw-server.ch\/fr\/wp-json\/wp\/v2\/pages\/5763","targetHints":{"allow":["GET"]}}],"collection":[{"href":"http:\/\/dev.bellevue-gstaad.ch.server35.zrh1.bw-server.ch\/fr\/wp-json\/wp\/v2\/pages"}],"about":[{"href":"http:\/\/dev.bellevue-gstaad.ch.server35.zrh1.bw-server.ch\/fr\/wp-json\/wp\/v2\/types\/page"}],"author":[{"embeddable":true,"href":"http:\/\/dev.bellevue-gstaad.ch.server35.zrh1.bw-server.ch\/fr\/wp-json\/wp\/v2\/users\/6"}],"replies":[{"embeddable":true,"href":"http:\/\/dev.bellevue-gstaad.ch.server35.zrh1.bw-server.ch\/fr\/wp-json\/wp\/v2\/comments?post=5763"}],"version-history":[{"count":9,"href":"http:\/\/dev.bellevue-gstaad.ch.server35.zrh1.bw-server.ch\/fr\/wp-json\/wp\/v2\/pages\/5763\/revisions"}],"predecessor-version":[{"id":8297,"href":"http:\/\/dev.bellevue-gstaad.ch.server35.zrh1.bw-server.ch\/fr\/wp-json\/wp\/v2\/pages\/5763\/revisions\/8297"}],"wp:attachment":[{"href":"http:\/\/dev.bellevue-gstaad.ch.server35.zrh1.bw-server.ch\/fr\/wp-json\/wp\/v2\/media?parent=5763"}],"curies":[{"name":"wp","href":"https:\/\/api.w.org\/{rel}","templated":true}]}}