{"id":2401,"date":"2018-05-29T16:09:15","date_gmt":"2018-05-29T16:09:15","guid":{"rendered":"https:\/\/bellevue-gstaad.ch\/facilities\/meeting-rooms\/"},"modified":"2025-08-14T10:27:21","modified_gmt":"2025-08-14T10:27:21","slug":"reunion-et-evenement","status":"publish","type":"page","link":"http:\/\/dev.bellevue-gstaad.ch.server35.zrh1.bw-server.ch\/fr\/installations\/reunion-et-evenement\/","title":{"rendered":"R\u00e9unions et \u00c9v\u00e9nements"},"content":{"rendered":"","protected":false},"excerpt":{"rendered":"","protected":false},"author":4,"featured_media":0,"parent":2061,"menu_order":70,"comment_status":"closed","ping_status":"closed","template":"","meta":{"_acf_changed":false,"footnotes":""},"class_list":["post-2401","page","type-page","status-publish","hentry"],"acf":[],"_links":{"self":[{"href":"http:\/\/dev.bellevue-gstaad.ch.server35.zrh1.bw-server.ch\/fr\/wp-json\/wp\/v2\/pages\/2401","targetHints":{"allow":["GET"]}}],"collection":[{"href":"http:\/\/dev.bellevue-gstaad.ch.server35.zrh1.bw-server.ch\/fr\/wp-json\/wp\/v2\/pages"}],"about":[{"href":"http:\/\/dev.bellevue-gstaad.ch.server35.zrh1.bw-server.ch\/fr\/wp-json\/wp\/v2\/types\/page"}],"author":[{"embeddable":true,"href":"http:\/\/dev.bellevue-gstaad.ch.server35.zrh1.bw-server.ch\/fr\/wp-json\/wp\/v2\/users\/4"}],"replies":[{"embeddable":true,"href":"http:\/\/dev.bellevue-gstaad.ch.server35.zrh1.bw-server.ch\/fr\/wp-json\/wp\/v2\/comments?post=2401"}],"version-history":[{"count":12,"href":"http:\/\/dev.bellevue-gstaad.ch.server35.zrh1.bw-server.ch\/fr\/wp-json\/wp\/v2\/pages\/2401\/revisions"}],"predecessor-version":[{"id":12499,"href":"http:\/\/dev.bellevue-gstaad.ch.server35.zrh1.bw-server.ch\/fr\/wp-json\/wp\/v2\/pages\/2401\/revisions\/12499"}],"up":[{"embeddable":true,"href":"http:\/\/dev.bellevue-gstaad.ch.server35.zrh1.bw-server.ch\/fr\/wp-json\/wp\/v2\/pages\/2061"}],"wp:attachment":[{"href":"http:\/\/dev.bellevue-gstaad.ch.server35.zrh1.bw-server.ch\/fr\/wp-json\/wp\/v2\/media?parent=2401"}],"curies":[{"name":"wp","href":"https:\/\/api.w.org\/{rel}","templated":true}]}}